{"id":40,"date":"2026-02-08T14:56:11","date_gmt":"2026-02-08T13:56:11","guid":{"rendered":"https:\/\/dominikaikacper.pl\/?page_id=40"},"modified":"2026-02-08T16:49:00","modified_gmt":"2026-02-08T15:49:00","slug":"jak-dojechac","status":"publish","type":"page","link":"https:\/\/dominikaikacper.pl\/?page_id=40","title":{"rendered":"Jak dojecha\u0107"},"content":{"rendered":"\n<p><\/p>\n\n\n\n<div class=\"wp-block-group alignfull is-style-default has-global-padding is-content-justification-center is-layout-constrained wp-block-group-is-layout-constrained\">\n<div style=\"height:calc( 0.25 * var(--wp--style--root--padding-right, var(--wp--custom--gap--horizontal)))\" aria-hidden=\"true\" class=\"wp-block-spacer\"><\/div>\n\n\n\n<div class=\"wp-block-columns alignwide is-layout-flex wp-container-core-columns-is-layout-28f84493 wp-block-columns-is-layout-flex\">\n<div class=\"wp-block-column is-vertically-aligned-center is-layout-flow wp-container-core-column-is-layout-fe0e2ea3 wp-block-column-is-layout-flow\" style=\"flex-basis:25%\">\n<figure class=\"wp-block-image size-full is-style-rounded wp-duotone-unset-1\"><a href=\"https:\/\/www.google.com\/maps\/place\/Parafia+rzymskokatolicka+Matki+Bo\u017cej+Cz\u0119stochowskiej\/@53.7393787,17.5066046,16z\/data=!4m6!3m5!1s0x47024765e420c68d:0x187345b0a090846c!8m2!3d53.7355547!4d17.5107873!16s%2Fg%2F1xy2ysq7?entry=ttu&amp;g_ep=EgoyMDI2MDIwNC4wIKXMDSoKLDEwMDc5MjA3M0gBUAM%3D\"><img loading=\"lazy\" decoding=\"async\" width=\"529\" height=\"529\" src=\"https:\/\/dominikaikacper.pl\/wp-content\/uploads\/2026\/02\/mapa-kosciol-edited.png\" alt=\"\" class=\"wp-image-57\" srcset=\"https:\/\/dominikaikacper.pl\/wp-content\/uploads\/2026\/02\/mapa-kosciol-edited.png 529w, https:\/\/dominikaikacper.pl\/wp-content\/uploads\/2026\/02\/mapa-kosciol-edited-300x300.png 300w, https:\/\/dominikaikacper.pl\/wp-content\/uploads\/2026\/02\/mapa-kosciol-edited-150x150.png 150w\" sizes=\"auto, (max-width: 529px) 100vw, 529px\" \/><\/a><\/figure>\n\n\n\n<p class=\"has-text-align-center has-custom-1-font-size\" style=\"font-style:normal;font-weight:500;letter-spacing:0.1em;text-transform:uppercase\">\u015alub i wesele odb\u0119d\u0105 si\u0119 w tej samej miejscowo\u015bci, na tej samej ulicy.<\/p>\n\n\n\n<p class=\"has-text-align-center has-custom-1-font-size\" style=\"font-style:normal;font-weight:500;letter-spacing:0.1em;text-transform:uppercase\">polecamy piesz\u0105 drog\u0119 z ko\u015bcio\u0142a na sal\u0119, wzd\u0142u\u017c pi\u0119knej promenady.<\/p>\n<\/div>\n\n\n\n<div class=\"wp-block-column is-layout-flow wp-container-core-column-is-layout-fe0e2ea3 wp-block-column-is-layout-flow\" style=\"flex-basis:40%\">\n<figure class=\"wp-block-image aligncenter size-full is-style-rounded\"><a href=\"https:\/\/maps.app.goo.gl\/PpEMidWn84y266Ay5\"><img loading=\"lazy\" decoding=\"async\" width=\"480\" height=\"640\" src=\"https:\/\/dominikaikacper.pl\/wp-content\/uploads\/2026\/02\/droga-edited-1.png\" alt=\"\" class=\"wp-image-71\" srcset=\"https:\/\/dominikaikacper.pl\/wp-content\/uploads\/2026\/02\/droga-edited-1.png 480w, https:\/\/dominikaikacper.pl\/wp-content\/uploads\/2026\/02\/droga-edited-1-225x300.png 225w\" sizes=\"auto, (max-width: 480px) 100vw, 480px\" \/><\/a><\/figure>\n\n\n\n<p class=\"has-text-align-center has-custom-1-font-size\" style=\"font-style:normal;font-weight:500;letter-spacing:0.1em;text-transform:uppercase\">Nie gwarantujemy dojazdu do ko\u015bcio\u0142a, ani na sal\u0119.<\/p>\n\n\n\n<p class=\"has-text-align-center has-custom-1-font-size\" style=\"font-style:normal;font-weight:500;letter-spacing:0.1em;text-transform:uppercase\">je\u015bli jednak macie problem z dotarciem, dajcie nam zna\u0107. na pewno co\u015b wymy\u015blimy!<\/p>\n<\/div>\n\n\n\n<div class=\"wp-block-column is-vertically-aligned-center is-layout-flow wp-container-core-column-is-layout-fe0e2ea3 wp-block-column-is-layout-flow\" style=\"flex-basis:25%\">\n<figure class=\"wp-block-image size-full is-style-rounded\"><a href=\"https:\/\/www.google.com\/maps\/place\/O\u015brodek+Wypoczynkowy+Rejs\/@53.7412697,17.5080637,16z\/data=!4m6!3m5!1s0x47024765e424b0d9:0x34d82946138d8911!8m2!3d53.7424926!4d17.5137023!16s%2Fg%2F1tmgb3vf?entry=ttu&amp;g_ep=EgoyMDI2MDIwNC4wIKXMDSoKLDEwMDc5MjA3M0gBUAM%3D\"><img loading=\"lazy\" decoding=\"async\" width=\"592\" height=\"592\" src=\"https:\/\/dominikaikacper.pl\/wp-content\/uploads\/2026\/02\/mapa-rejs-2-edited.png\" alt=\"\" class=\"wp-image-64\" srcset=\"https:\/\/dominikaikacper.pl\/wp-content\/uploads\/2026\/02\/mapa-rejs-2-edited.png 592w, https:\/\/dominikaikacper.pl\/wp-content\/uploads\/2026\/02\/mapa-rejs-2-edited-300x300.png 300w, https:\/\/dominikaikacper.pl\/wp-content\/uploads\/2026\/02\/mapa-rejs-2-edited-150x150.png 150w\" sizes=\"auto, (max-width: 592px) 100vw, 592px\" \/><\/a><\/figure>\n\n\n\n<p class=\"has-text-align-center has-custom-1-font-size\" style=\"font-style:normal;font-weight:500;letter-spacing:0.1em;text-transform:uppercase\">W trakcie i po weselu czeka\u0107 b\u0119dzie bus, kt\u00f3ry odwiezie ch\u0119tnych bezpiecznie do domu.<\/p>\n\n\n\n<p class=\"has-text-align-center has-custom-1-font-size\" style=\"font-style:normal;font-weight:500;letter-spacing:0.1em;text-transform:uppercase\">Na terenie sali dost\u0119pny jest du\u017cy parking.<\/p>\n<\/div>\n<\/div>\n\n\n\n<div style=\"height:calc( 0.25 * var(--wp--style--root--padding-right, var(--wp--custom--gap--horizontal)))\" aria-hidden=\"true\" class=\"wp-block-spacer\"><\/div>\n\n\n\n<div style=\"height:calc( 0.25 * var(--wp--style--root--padding-right, var(--wp--custom--gap--horizontal)))\" aria-hidden=\"true\" class=\"wp-block-spacer\"><\/div>\n<\/div>\n","protected":false},"excerpt":{"rendered":"<p>\u015alub i wesele odb\u0119d\u0105 si\u0119 w tej samej miejscowo\u015bci, na tej samej ulicy. polecamy piesz\u0105 drog\u0119 z ko\u015bcio\u0142a na sal\u0119, wzd\u0142u\u017c pi\u0119knej promenady. Nie gwarantujemy dojazdu do ko\u015bcio\u0142a, ani na sal\u0119. je\u015bli jednak macie problem z dotarciem, dajcie nam zna\u0107. na pewno co\u015b wymy\u015blimy! W trakcie i po weselu czeka\u0107 b\u0119dzie bus, kt\u00f3ry odwiezie ch\u0119tnych [&hellip;]<\/p>\n","protected":false},"author":1,"featured_media":0,"parent":9,"menu_order":0,"comment_status":"closed","ping_status":"closed","template":"page-no-title","meta":{"footnotes":""},"class_list":["post-40","page","type-page","status-publish","hentry"],"_links":{"self":[{"href":"https:\/\/dominikaikacper.pl\/index.php?rest_route=\/wp\/v2\/pages\/40","targetHints":{"allow":["GET"]}}],"collection":[{"href":"https:\/\/dominikaikacper.pl\/index.php?rest_route=\/wp\/v2\/pages"}],"about":[{"href":"https:\/\/dominikaikacper.pl\/index.php?rest_route=\/wp\/v2\/types\/page"}],"author":[{"embeddable":true,"href":"https:\/\/dominikaikacper.pl\/index.php?rest_route=\/wp\/v2\/users\/1"}],"replies":[{"embeddable":true,"href":"https:\/\/dominikaikacper.pl\/index.php?rest_route=%2Fwp%2Fv2%2Fcomments&post=40"}],"version-history":[{"count":3,"href":"https:\/\/dominikaikacper.pl\/index.php?rest_route=\/wp\/v2\/pages\/40\/revisions"}],"predecessor-version":[{"id":73,"href":"https:\/\/dominikaikacper.pl\/index.php?rest_route=\/wp\/v2\/pages\/40\/revisions\/73"}],"up":[{"embeddable":true,"href":"https:\/\/dominikaikacper.pl\/index.php?rest_route=\/wp\/v2\/pages\/9"}],"wp:attachment":[{"href":"https:\/\/dominikaikacper.pl\/index.php?rest_route=%2Fwp%2Fv2%2Fmedia&parent=40"}],"curies":[{"name":"wp","href":"https:\/\/api.w.org\/{rel}","templated":true}]}}