{"id":88,"date":"2026-02-23T09:26:13","date_gmt":"2026-02-23T08:26:13","guid":{"rendered":"https:\/\/dominikaikacper.pl\/?page_id=88"},"modified":"2026-02-23T09:26:13","modified_gmt":"2026-02-23T08:26:13","slug":"zdjecia","status":"publish","type":"page","link":"https:\/\/dominikaikacper.pl\/?page_id=88","title":{"rendered":"zdj\u0119cia"},"content":{"rendered":"\n<div class=\"wp-block-media-text is-stacked-on-mobile\"><figure class=\"wp-block-media-text__media\"><img loading=\"lazy\" decoding=\"async\" width=\"768\" height=\"1024\" src=\"https:\/\/dominikaikacper.pl\/wp-content\/uploads\/2026\/02\/D-4-edited-768x1024.png\" alt=\"\" class=\"wp-image-12 size-full\" srcset=\"https:\/\/dominikaikacper.pl\/wp-content\/uploads\/2026\/02\/D-4-edited-768x1024.png 768w, https:\/\/dominikaikacper.pl\/wp-content\/uploads\/2026\/02\/D-4-edited-225x300.png 225w, https:\/\/dominikaikacper.pl\/wp-content\/uploads\/2026\/02\/D-4-edited-1152x1536.png 1152w, https:\/\/dominikaikacper.pl\/wp-content\/uploads\/2026\/02\/D-4-edited.png 1500w\" sizes=\"auto, (max-width: 768px) 100vw, 768px\" \/><\/figure><div class=\"wp-block-media-text__content\">\n<p>Tutaj pojawi si\u0119 qr kod, dzi\u0119ki kt\u00f3remu b\u0119dziecie mogli podzieli\u0107 si\u0119 z nami swoimi zdj\u0119ciami.<\/p>\n\n\n\n<p>Jak tylko fotograf upora si\u0119 z naszymi zdj\u0119ciami, poni\u017cej znajdziecie link do ich pobrania.<\/p>\n\n\n\n<div class=\"wp-block-buttons is-layout-flex wp-block-buttons-is-layout-flex\">\n<div class=\"wp-block-button\"><a class=\"wp-block-button__link wp-element-button\">Link do zdj\u0119\u0107 od fotografa<\/a><\/div>\n<\/div>\n<\/div><\/div>\n","protected":false},"excerpt":{"rendered":"","protected":false},"author":1,"featured_media":0,"parent":9,"menu_order":0,"comment_status":"closed","ping_status":"closed","template":"page-no-title","meta":{"footnotes":""},"class_list":["post-88","page","type-page","status-publish","hentry"],"_links":{"self":[{"href":"https:\/\/dominikaikacper.pl\/index.php?rest_route=\/wp\/v2\/pages\/88","targetHints":{"allow":["GET"]}}],"collection":[{"href":"https:\/\/dominikaikacper.pl\/index.php?rest_route=\/wp\/v2\/pages"}],"about":[{"href":"https:\/\/dominikaikacper.pl\/index.php?rest_route=\/wp\/v2\/types\/page"}],"author":[{"embeddable":true,"href":"https:\/\/dominikaikacper.pl\/index.php?rest_route=\/wp\/v2\/users\/1"}],"replies":[{"embeddable":true,"href":"https:\/\/dominikaikacper.pl\/index.php?rest_route=%2Fwp%2Fv2%2Fcomments&post=88"}],"version-history":[{"count":2,"href":"https:\/\/dominikaikacper.pl\/index.php?rest_route=\/wp\/v2\/pages\/88\/revisions"}],"predecessor-version":[{"id":91,"href":"https:\/\/dominikaikacper.pl\/index.php?rest_route=\/wp\/v2\/pages\/88\/revisions\/91"}],"up":[{"embeddable":true,"href":"https:\/\/dominikaikacper.pl\/index.php?rest_route=\/wp\/v2\/pages\/9"}],"wp:attachment":[{"href":"https:\/\/dominikaikacper.pl\/index.php?rest_route=%2Fwp%2Fv2%2Fmedia&parent=88"}],"curies":[{"name":"wp","href":"https:\/\/api.w.org\/{rel}","templated":true}]}}